{"id":301,"date":"2020-03-09T11:07:45","date_gmt":"2020-03-09T11:07:45","guid":{"rendered":"https:\/\/dottorspadola.it\/?page_id=301"},"modified":"2023-11-15T11:16:54","modified_gmt":"2023-11-15T11:16:54","slug":"filosofia","status":"publish","type":"page","link":"https:\/\/dottorspadola.it\/?page_id=301","title":{"rendered":"Filosofia"},"content":{"rendered":"\t\t<div data-elementor-type=\"wp-post\" data-elementor-id=\"301\" class=\"elementor elementor-301\">\n\t\t\t\t\t\t<section class=\"elementor-section elementor-top-section elementor-element elementor-element-4297811a elementor-section-boxed elementor-section-height-default elementor-section-height-default\" data-id=\"4297811a\" data-element_type=\"section\" id=\"about\" data-settings=\"{&quot;background_background&quot;:&quot;classic&quot;}\">\n\t\t\t\t\t\t\t<div class=\"elementor-background-overlay\"><\/div>\n\t\t\t\t\t\t\t<div class=\"elementor-container elementor-column-gap-no\">\n\t\t\t\t\t<div class=\"elementor-column elementor-col-100 elementor-top-column elementor-element elementor-element-6d25e7a5\" data-id=\"6d25e7a5\" data-element_type=\"column\">\n\t\t\t<div class=\"elementor-widget-wrap elementor-element-populated\">\n\t\t\t\t\t\t<section class=\"elementor-section elementor-inner-section elementor-element elementor-element-9685db4 elementor-section-boxed elementor-section-height-default elementor-section-height-default\" data-id=\"9685db4\" data-element_type=\"section\">\n\t\t\t\t\t\t<div class=\"elementor-container elementor-column-gap-default\">\n\t\t\t\t\t<div class=\"elementor-column elementor-col-100 elementor-inner-column elementor-element elementor-element-aabfa8a\" data-id=\"aabfa8a\" data-element_type=\"column\">\n\t\t\t<div class=\"elementor-widget-wrap elementor-element-populated\">\n\t\t\t\t\t\t<div class=\"elementor-element elementor-element-5799340 elementor-widget elementor-widget-heading\" data-id=\"5799340\" data-element_type=\"widget\" data-widget_type=\"heading.default\">\n\t\t\t\t<div class=\"elementor-widget-container\">\n\t\t\t\t\t<h2 class=\"elementor-heading-title elementor-size-default\">Principi<\/h2>\t\t\t\t<\/div>\n\t\t\t\t<\/div>\n\t\t\t\t<div class=\"elementor-element elementor-element-2736ab4 elementor-widget elementor-widget-text-editor\" data-id=\"2736ab4\" data-element_type=\"widget\" data-widget_type=\"text-editor.default\">\n\t\t\t\t<div class=\"elementor-widget-container\">\n\t\t\t\t\t\t\t\t\t<p><strong>LA COMUNICAZIONE<\/strong><\/p><p>Questo sito nasce dalla necessit\u00e0 di comunicare l\u2019obiettivo della mia professione e il mio rapporto con i pazienti. Comunicare con loro mi aiuta a creare quella collaborazione che gli psicologi chiamano \u201calleanza terapeutica\u201d, cio\u00e8 conoscere il paziente, adeguando il linguaggio e assicurandomi che la diagnosi venga correttamente trasmessa e compresa.<\/p><p><strong><br \/>DIAGNOSTICA IN DERMATOLOGIA ONCOLOGICA<br \/><\/strong><br \/>Lavoro per un NETWORK tra colleghi medici dermatologi, chirurghi plastici, estetici, laseristi, oncologi, medici di medicina generale che gestiscono pazienti con tumori cutanei che vogliano una diagnosi pi\u00f9 rapida, precisa e meno invasiva.\u00a0<\/p><p><b>MEDICINA PERSONALIZZATA<\/b><\/p><p>Con il paziente al centro e la diagnosi pi\u00f9 accurata, \u00e8 possibile scegliere il piano terapeutico pi\u00f9 corretto e personalizzato.<\/p>\t\t\t\t\t\t\t\t<\/div>\n\t\t\t\t<\/div>\n\t\t\t\t\t<\/div>\n\t\t<\/div>\n\t\t\t\t\t<\/div>\n\t\t<\/section>\n\t\t\t\t\t<\/div>\n\t\t<\/div>\n\t\t\t\t\t<\/div>\n\t\t<\/section>\n\t\t\t\t<section class=\"elementor-section elementor-top-section elementor-element elementor-element-152bfefe elementor-section-boxed elementor-section-height-default elementor-section-height-default\" data-id=\"152bfefe\" data-element_type=\"section\" data-settings=\"{&quot;background_background&quot;:&quot;classic&quot;}\">\n\t\t\t\t\t\t\t<div class=\"elementor-background-overlay\"><\/div>\n\t\t\t\t\t\t\t<div class=\"elementor-container elementor-column-gap-default\">\n\t\t\t\t\t<div class=\"elementor-column elementor-col-100 elementor-top-column elementor-element elementor-element-1fc2ff3\" data-id=\"1fc2ff3\" data-element_type=\"column\">\n\t\t\t<div class=\"elementor-widget-wrap elementor-element-populated\">\n\t\t\t\t\t\t<section class=\"elementor-section elementor-inner-section elementor-element elementor-element-71d408d elementor-section-boxed elementor-section-height-default elementor-section-height-default\" data-id=\"71d408d\" data-element_type=\"section\">\n\t\t\t\t\t\t<div class=\"elementor-container elementor-column-gap-default\">\n\t\t\t\t\t<div class=\"elementor-column elementor-col-33 elementor-inner-column elementor-element elementor-element-6747c769\" data-id=\"6747c769\" data-element_type=\"column\">\n\t\t\t<div class=\"elementor-widget-wrap elementor-element-populated\">\n\t\t\t\t\t\t<div class=\"elementor-element elementor-element-4a110d6c elementor-widget elementor-widget-heading\" data-id=\"4a110d6c\" data-element_type=\"widget\" data-widget_type=\"heading.default\">\n\t\t\t\t<div class=\"elementor-widget-container\">\n\t\t\t\t\t<h4 class=\"elementor-heading-title elementor-size-default\">Giuseppe Spadola<br>Medico Chirurgo - Dermatologo e Venereologo<\/h4>\t\t\t\t<\/div>\n\t\t\t\t<\/div>\n\t\t\t\t\t<\/div>\n\t\t<\/div>\n\t\t\t\t<div class=\"elementor-column elementor-col-33 elementor-inner-column elementor-element elementor-element-76b4399d\" data-id=\"76b4399d\" data-element_type=\"column\">\n\t\t\t<div class=\"elementor-widget-wrap elementor-element-populated\">\n\t\t\t\t\t\t<div class=\"elementor-element elementor-element-14faae1 elementor-widget elementor-widget-heading\" data-id=\"14faae1\" data-element_type=\"widget\" data-widget_type=\"heading.default\">\n\t\t\t\t<div class=\"elementor-widget-container\">\n\t\t\t\t\t<h4 class=\"elementor-heading-title elementor-size-default\">Menu<\/h4>\t\t\t\t<\/div>\n\t\t\t\t<\/div>\n\t\t\t\t<div class=\"elementor-element elementor-element-30c44ed3 elementor-widget elementor-widget-wp-widget-nav_menu\" data-id=\"30c44ed3\" data-element_type=\"widget\" data-widget_type=\"wp-widget-nav_menu.default\">\n\t\t\t\t<div class=\"elementor-widget-container\">\n\t\t\t\t\t<div class=\"menu-home-menu-container\"><ul id=\"menu-home-menu\" class=\"menu\"><li id=\"menu-item-307\" class=\"menu-item menu-item-type-post_type menu-item-object-page menu-item-home menu-item-307\"><a href=\"https:\/\/dottorspadola.it\/\">Home<\/a><\/li>\n<li id=\"menu-item-456\" class=\"menu-item menu-item-type-custom menu-item-object-custom menu-item-has-children menu-item-456\"><a href=\"#\">Chi sono<\/a>\n<ul class=\"sub-menu\">\n\t<li id=\"menu-item-349\" class=\"menu-item menu-item-type-post_type menu-item-object-page menu-item-349\"><a href=\"https:\/\/dottorspadola.it\/?page_id=329\">Su di me<\/a><\/li>\n\t<li id=\"menu-item-454\" class=\"menu-item menu-item-type-post_type menu-item-object-page menu-item-454\"><a href=\"https:\/\/dottorspadola.it\/?page_id=301\">Filosofia<\/a><\/li>\n<\/ul>\n<\/li>\n<li id=\"menu-item-369\" class=\"menu-item menu-item-type-custom menu-item-object-custom menu-item-has-children menu-item-369\"><a href=\"#\">Tumori Cutanei<\/a>\n<ul class=\"sub-menu\">\n\t<li id=\"menu-item-603\" class=\"menu-item menu-item-type-post_type menu-item-object-page menu-item-603\"><a href=\"https:\/\/dottorspadola.it\/?page_id=352\">Melanomi e Nevi<\/a><\/li>\n\t<li id=\"menu-item-602\" class=\"menu-item menu-item-type-post_type menu-item-object-page menu-item-602\"><a href=\"https:\/\/dottorspadola.it\/?page_id=569\">Carcinomi e Cheratosi<\/a><\/li>\n\t<li id=\"menu-item-410\" class=\"menu-item menu-item-type-post_type menu-item-object-page menu-item-410\"><a href=\"https:\/\/dottorspadola.it\/?page_id=401\">Diagnosi Avanzata<\/a><\/li>\n\t<li id=\"menu-item-409\" class=\"menu-item menu-item-type-post_type menu-item-object-page menu-item-409\"><a href=\"https:\/\/dottorspadola.it\/?page_id=403\">Terapia Chiurgica e non Chirurgica<\/a><\/li>\n<\/ul>\n<\/li>\n<li id=\"menu-item-261\" class=\"menu-item menu-item-type-post_type menu-item-object-page menu-item-261\"><a href=\"https:\/\/dottorspadola.it\/?page_id=73\">Contatti<\/a><\/li>\n<\/ul><\/div>\t\t\t\t<\/div>\n\t\t\t\t<\/div>\n\t\t\t\t\t<\/div>\n\t\t<\/div>\n\t\t\t\t<div class=\"elementor-column elementor-col-33 elementor-inner-column elementor-element elementor-element-15e55aed\" data-id=\"15e55aed\" data-element_type=\"column\">\n\t\t\t<div class=\"elementor-widget-wrap elementor-element-populated\">\n\t\t\t\t\t\t<div class=\"elementor-element elementor-element-4684eb11 elementor-widget elementor-widget-heading\" data-id=\"4684eb11\" data-element_type=\"widget\" data-widget_type=\"heading.default\">\n\t\t\t\t<div class=\"elementor-widget-container\">\n\t\t\t\t\t<h4 class=\"elementor-heading-title elementor-size-default\">Contatti<\/h4>\t\t\t\t<\/div>\n\t\t\t\t<\/div>\n\t\t\t\t<div class=\"elementor-element elementor-element-98c55d0 elementor-widget elementor-widget-heading\" data-id=\"98c55d0\" data-element_type=\"widget\" data-widget_type=\"heading.default\">\n\t\t\t\t<div class=\"elementor-widget-container\">\n\t\t\t\t\t<h4 class=\"elementor-heading-title elementor-size-default\"><p><span style=\"letter-spacing: 0px\">Email: dottorspadola@gmail.com&nbsp;<\/span><\/p><p>Tel: +39 351 715 7055<\/p><div>&nbsp;<\/div><\/h4>\t\t\t\t<\/div>\n\t\t\t\t<\/div>\n\t\t\t\t\t<\/div>\n\t\t<\/div>\n\t\t\t\t\t<\/div>\n\t\t<\/section>\n\t\t\t\t\t<\/div>\n\t\t<\/div>\n\t\t\t\t\t<\/div>\n\t\t<\/section>\n\t\t\t\t<\/div>\n\t\t","protected":false},"excerpt":{"rendered":"<p>Principi LA COMUNICAZIONE Questo sito nasce dalla necessit\u00e0 di comunicare l\u2019obiettivo della mia professione e il mio rapporto con i pazienti. Comunicare con loro mi aiuta a creare quella collaborazione che gli psicologi chiamano \u201calleanza terapeutica\u201d, cio\u00e8 conoscere il paziente, adeguando il linguaggio e assicurandomi che la diagnosi venga correttamente trasmessa e compresa. DIAGNOSTICA IN&hellip;<\/p>\n","protected":false},"author":1,"featured_media":0,"parent":0,"menu_order":0,"comment_status":"closed","ping_status":"closed","template":"","meta":{"footnotes":""},"class_list":["post-301","page","type-page","status-publish","hentry"],"_links":{"self":[{"href":"https:\/\/dottorspadola.it\/index.php?rest_route=\/wp\/v2\/pages\/301","targetHints":{"allow":["GET"]}}],"collection":[{"href":"https:\/\/dottorspadola.it\/index.php?rest_route=\/wp\/v2\/pages"}],"about":[{"href":"https:\/\/dottorspadola.it\/index.php?rest_route=\/wp\/v2\/types\/page"}],"author":[{"embeddable":true,"href":"https:\/\/dottorspadola.it\/index.php?rest_route=\/wp\/v2\/users\/1"}],"replies":[{"embeddable":true,"href":"https:\/\/dottorspadola.it\/index.php?rest_route=%2Fwp%2Fv2%2Fcomments&post=301"}],"version-history":[{"count":42,"href":"https:\/\/dottorspadola.it\/index.php?rest_route=\/wp\/v2\/pages\/301\/revisions"}],"predecessor-version":[{"id":752,"href":"https:\/\/dottorspadola.it\/index.php?rest_route=\/wp\/v2\/pages\/301\/revisions\/752"}],"wp:attachment":[{"href":"https:\/\/dottorspadola.it\/index.php?rest_route=%2Fwp%2Fv2%2Fmedia&parent=301"}],"curies":[{"name":"wp","href":"https:\/\/api.w.org\/{rel}","templated":true}]}}